{"id":4246,"date":"2024-04-15T14:58:11","date_gmt":"2024-04-15T18:58:11","guid":{"rendered":"https:\/\/www.missionlte.ca\/boutique\/?page_id=4246"},"modified":"2024-04-15T15:05:17","modified_gmt":"2024-04-15T19:05:17","slug":"conditions-generales-de-vente","status":"publish","type":"page","link":"https:\/\/www.missionlte.ca\/boutique\/fr\/conditions-generales-de-vente\/","title":{"rendered":"Condition(s) g\u00e9n\u00e9rale(s) de vente"},"content":{"rendered":"<p><strong>Conditions g\u00e9n\u00e9rales de vente en ligne<\/strong><\/p>\n<ol>\n<li><strong>Acceptation des conditions<\/strong> En effectuant un achat sur notre site web, vous acceptez les pr\u00e9sentes conditions g\u00e9n\u00e9rales de vente.<\/li>\n<li><strong>Produits<\/strong> Nos produits sont d\u00e9crits et pr\u00e9sent\u00e9s avec la plus grande exactitude possible. Cependant, des erreurs peuvent survenir, et nous nous r\u00e9servons le droit de les corriger le cas \u00e9ch\u00e9ant.<\/li>\n<li><strong>Prix<\/strong> Les prix de nos produits sont indiqu\u00e9s en dollar canadien, taxes en sus. Les frais de livraison ne sont pas inclus dans le prix et sont factur\u00e9s en suppl\u00e9ment.<\/li>\n<li><strong>Commandes<\/strong> Votre commande constitue une offre d&#8217;achat de notre part. Nous nous r\u00e9servons le droit d&#8217;accepter ou de refuser cette offre.<\/li>\n<li><strong>Paiement<\/strong> Le paiement s&#8217;effectue en ligne par carte de cr\u00e9dit.<\/li>\n<li><strong>Livraison<\/strong> Nous nous engageons \u00e0 exp\u00e9dier votre commande dans les meilleurs d\u00e9lais apr\u00e8s r\u00e9ception du paiement. Les d\u00e9lais de livraison sont donn\u00e9s \u00e0 titre indicatif et peuvent varier en fonction de la destination.<\/li>\n<li><strong>Retour<\/strong> Vous disposez d&#8217;un d\u00e9lai de 10 jours \u00e0 compter de la r\u00e9ception de votre commande pour exercer votre droit de retour et nous retourner le produit, \u00e0 vos frais, pour remboursement. Nous nous r\u00e9servons le droit d\u2019effectuer un remboursement complet, ou d\u2019appliquer un frais de restockage jusqu\u2019\u00e0 20% selon nos crit\u00e8res.<\/li>\n<li><strong>Garantie<\/strong> Nos produits sont garantis contre tout d\u00e9faut de fabrication pour une dur\u00e9e de 1 an \u00e0 compter de la date d&#8217;achat. Cette garantie ne couvre pas les dommages r\u00e9sultant d&#8217;une mauvaise utilisation ou d&#8217;un accident.<\/li>\n<li><strong>Confidentialit\u00e9<\/strong> Nous nous engageons \u00e0 prot\u00e9ger vos donn\u00e9es personnelles et \u00e0 les utiliser uniquement dans le cadre de votre commande.<\/li>\n<\/ol>\n","protected":false},"excerpt":{"rendered":"<p>Conditions g\u00e9n\u00e9rales de vente en ligne Acceptation des conditions En effectuant un achat sur notre site web, vous acceptez les pr\u00e9sentes conditions g\u00e9n\u00e9rales de vente. Produits Nos produits sont d\u00e9crits et pr\u00e9sent\u00e9s avec la plus grande exactitude possible. Cependant, des erreurs peuvent survenir, et nous nous r\u00e9servons le droit de les corriger le cas \u00e9ch\u00e9ant. [&#8230;]\n","protected":false},"author":2,"featured_media":0,"parent":0,"menu_order":0,"comment_status":"closed","ping_status":"closed","template":"","meta":{"_monsterinsights_skip_tracking":false,"_monsterinsights_sitenote_active":false,"_monsterinsights_sitenote_note":"","_monsterinsights_sitenote_category":0,"footnotes":""},"class_list":["post-4246","page","type-page","status-publish","hentry"],"aioseo_notices":[],"lang":"fr","translations":{"fr":4246},"pll_sync_post":[],"_links":{"self":[{"href":"https:\/\/www.missionlte.ca\/boutique\/wp-json\/wp\/v2\/pages\/4246","targetHints":{"allow":["GET"]}}],"collection":[{"href":"https:\/\/www.missionlte.ca\/boutique\/wp-json\/wp\/v2\/pages"}],"about":[{"href":"https:\/\/www.missionlte.ca\/boutique\/wp-json\/wp\/v2\/types\/page"}],"author":[{"embeddable":true,"href":"https:\/\/www.missionlte.ca\/boutique\/wp-json\/wp\/v2\/users\/2"}],"replies":[{"embeddable":true,"href":"https:\/\/www.missionlte.ca\/boutique\/wp-json\/wp\/v2\/comments?post=4246"}],"version-history":[{"count":2,"href":"https:\/\/www.missionlte.ca\/boutique\/wp-json\/wp\/v2\/pages\/4246\/revisions"}],"predecessor-version":[{"id":4249,"href":"https:\/\/www.missionlte.ca\/boutique\/wp-json\/wp\/v2\/pages\/4246\/revisions\/4249"}],"wp:attachment":[{"href":"https:\/\/www.missionlte.ca\/boutique\/wp-json\/wp\/v2\/media?parent=4246"}],"curies":[{"name":"wp","href":"https:\/\/api.w.org\/{rel}","templated":true}]}}