{"id":3120,"date":"2023-03-29T16:29:06","date_gmt":"2023-03-29T20:29:06","guid":{"rendered":"https:\/\/www.missionlte.ca\/boutique\/?post_type=product&#038;p=3120"},"modified":"2025-02-27T15:49:25","modified_gmt":"2025-02-27T20:49:25","slug":"nouveaute-thermometre-hydrometre-wifi","status":"publish","type":"product","link":"https:\/\/www.missionlte.ca\/boutique\/fr\/produit\/nouveaute-thermometre-hydrometre-wifi\/","title":{"rendered":"Thermom\u00e8tre Hygrom\u00e8tre WIFI"},"content":{"rendered":"<p data-opacity=\"0.5\">Surveillez la temp\u00e9rature et l&#8217;humidit\u00e9 \u00e0 l&#8217;int\u00e9rieur de vos v\u00e9hicules r\u00e9cr\u00e9atifs, roulottes, chalets, maisons, salles informatiques (et autres) avec ce thermo-hygrom\u00e8tre intelligent. Assurer un milieu de vie sain et confortable pour vous et les v\u00f4tres.<\/p>\n<p>Id\u00e9al pour les gens qui voyagent avec leur animaux de compagnie.<\/p>\n<p>&#8211; Conception compacte et portable<br \/>\n&#8211;\u00a0Surveillance des applications sans fil<br \/>\n&#8211; Capteur haute pr\u00e9cision<br \/>\n&#8211; Notifications instantan\u00e9es<br \/>\n&#8211;\u00a0Exportation et stockage des donn\u00e9es pendant 2\u00a0ans<br \/>\n&#8211; WIFI+Bluetooth<br \/>\n&#8211; Couverture de temp\u00e9rature : -20 to 60\u00b0C (-4 to 140\u00b0F)<br \/>\n&#8211; Couverture d&#8217;humidit\u00e9 : 0-100%RH<br \/>\n&#8211; 3xAA Batteries (incluses)<br \/>\n&#8211; Port\u00e9e compatible Bluetooth : 15m\/49ft (pas d&#8217;obstacles)<br \/>\n&#8211; Vitesse de rafra\u00eechissement des donn\u00e9es : 2s<\/p>\n<p data-opacity=\"0.5\">NB: Consid\u00e9rant les multiples facteurs concern\u00e9s dans la mise en marche de cet appareil, Mission LTE ne pourra \u00eatre tenu responsable d&#8217;un mauvais fonctionnement (ex: mauvaise qualit\u00e9 du WIFI)<\/p>\n<p data-opacity=\"0.5\">**Quantit\u00e9 limit\u00e9e**<\/p>\n","protected":false},"excerpt":{"rendered":"<p>Surveillez la temp\u00e9rature et l&#8217;humidit\u00e9 \u00e0 l&#8217;int\u00e9rieur de vos v\u00e9hicules r\u00e9cr\u00e9atifs, roulottes, chalets, maisons, salles informatiques (et autres) avec ce thermo-hygrom\u00e8tre intelligent. Assurer un milieu de vie sain et confortable pour vous et les v\u00f4tres. Id\u00e9al pour les gens qui voyagent avec leur animaux de compagnie. &#8211; Conception compacte et portable &#8211;\u00a0Surveillance des applications sans [&#8230;]\n","protected":false},"featured_media":3121,"template":"","meta":{"_monsterinsights_skip_tracking":false,"_monsterinsights_sitenote_active":false,"_monsterinsights_sitenote_note":"","_monsterinsights_sitenote_category":0},"product_brand":[],"product_cat":[26],"product_tag":[],"class_list":{"0":"post-3120","1":"product","2":"type-product","3":"status-publish","4":"has-post-thumbnail","6":"product_cat-tous-produits","8":"first","9":"instock","10":"sale","11":"taxable","12":"shipping-taxable","13":"purchasable","14":"product-type-simple"},"aioseo_notices":[],"lang":"fr","translations":{"fr":3120},"pll_sync_post":[],"_links":{"self":[{"href":"https:\/\/www.missionlte.ca\/boutique\/wp-json\/wp\/v2\/product\/3120","targetHints":{"allow":["GET"]}}],"collection":[{"href":"https:\/\/www.missionlte.ca\/boutique\/wp-json\/wp\/v2\/product"}],"about":[{"href":"https:\/\/www.missionlte.ca\/boutique\/wp-json\/wp\/v2\/types\/product"}],"wp:featuredmedia":[{"embeddable":true,"href":"https:\/\/www.missionlte.ca\/boutique\/wp-json\/wp\/v2\/media\/3121"}],"wp:attachment":[{"href":"https:\/\/www.missionlte.ca\/boutique\/wp-json\/wp\/v2\/media?parent=3120"}],"wp:term":[{"taxonomy":"product_brand","embeddable":true,"href":"https:\/\/www.missionlte.ca\/boutique\/wp-json\/wp\/v2\/product_brand?post=3120"},{"taxonomy":"product_cat","embeddable":true,"href":"https:\/\/www.missionlte.ca\/boutique\/wp-json\/wp\/v2\/product_cat?post=3120"},{"taxonomy":"product_tag","embeddable":true,"href":"https:\/\/www.missionlte.ca\/boutique\/wp-json\/wp\/v2\/product_tag?post=3120"}],"curies":[{"name":"wp","href":"https:\/\/api.w.org\/{rel}","templated":true}]}}