{"id":3338,"date":"2023-06-12T13:42:14","date_gmt":"2023-06-12T17:42:14","guid":{"rendered":"https:\/\/www.missionlte.ca\/boutique\/?post_type=product&#038;p=3338"},"modified":"2026-04-13T10:37:07","modified_gmt":"2026-04-13T14:37:07","slug":"routeur-inhand-cr202","status":"publish","type":"product","link":"https:\/\/www.missionlte.ca\/boutique\/fr\/produit\/routeur-inhand-cr202\/","title":{"rendered":"Routeur InHand CR202"},"content":{"rendered":"<p>Le InHand CR202 est un routeur cellulaire 4G portable avec des modes d&#8217;acc\u00e8s au r\u00e9seau filaire\/cellulaire pour vos besoins.<\/p>\n<p>\u00c0 propos du CR202 :<\/p>\n<p>Acc\u00e8s cellulaire 4G &#8211; LTE CAT6<br \/>\nR\u00e9seau cellulaire haute vitesse de 300Mbps<br \/>\nSupporte jusqu&#8217;\u00e0 30 appareils connect\u00e9s<br \/>\n\u00c9quip\u00e9 d&#8217;une batterie de 5000 mAh &#8211; 8 heures d&#8217;utilisation continue<br \/>\nCorps compact, facile \u00e0 d\u00e9ployer &#8211; Id\u00e9al pour l&#8217;int\u00e9rieur et l&#8217;ext\u00e9rieur<br \/>\nPrise en charge du placement sur panneau et du montage sur support<\/p>\n","protected":false},"excerpt":{"rendered":"<p>Le InHand CR202 est un routeur cellulaire 4G portable avec des modes d&#8217;acc\u00e8s au r\u00e9seau filaire\/cellulaire pour vos besoins. \u00c0 propos du CR202 : Acc\u00e8s cellulaire 4G &#8211; LTE CAT6 R\u00e9seau cellulaire haute vitesse de 300Mbps Supporte jusqu&#8217;\u00e0 30 appareils connect\u00e9s \u00c9quip\u00e9 d&#8217;une batterie de 5000 mAh &#8211; 8 heures d&#8217;utilisation continue Corps compact, facile [&#8230;]\n","protected":false},"featured_media":3366,"template":"","meta":{"_monsterinsights_skip_tracking":false,"_monsterinsights_sitenote_active":false,"_monsterinsights_sitenote_note":"","_monsterinsights_sitenote_category":0},"product_brand":[],"product_cat":[26],"product_tag":[],"class_list":{"0":"post-3338","1":"product","2":"type-product","3":"status-publish","4":"has-post-thumbnail","6":"product_cat-tous-produits","8":"first","9":"outofstock","10":"taxable","11":"shipping-taxable","12":"purchasable","13":"product-type-simple"},"aioseo_notices":[],"lang":"fr","translations":{"fr":3338},"pll_sync_post":[],"_links":{"self":[{"href":"https:\/\/www.missionlte.ca\/boutique\/wp-json\/wp\/v2\/product\/3338","targetHints":{"allow":["GET"]}}],"collection":[{"href":"https:\/\/www.missionlte.ca\/boutique\/wp-json\/wp\/v2\/product"}],"about":[{"href":"https:\/\/www.missionlte.ca\/boutique\/wp-json\/wp\/v2\/types\/product"}],"wp:featuredmedia":[{"embeddable":true,"href":"https:\/\/www.missionlte.ca\/boutique\/wp-json\/wp\/v2\/media\/3366"}],"wp:attachment":[{"href":"https:\/\/www.missionlte.ca\/boutique\/wp-json\/wp\/v2\/media?parent=3338"}],"wp:term":[{"taxonomy":"product_brand","embeddable":true,"href":"https:\/\/www.missionlte.ca\/boutique\/wp-json\/wp\/v2\/product_brand?post=3338"},{"taxonomy":"product_cat","embeddable":true,"href":"https:\/\/www.missionlte.ca\/boutique\/wp-json\/wp\/v2\/product_cat?post=3338"},{"taxonomy":"product_tag","embeddable":true,"href":"https:\/\/www.missionlte.ca\/boutique\/wp-json\/wp\/v2\/product_tag?post=3338"}],"curies":[{"name":"wp","href":"https:\/\/api.w.org\/{rel}","templated":true}]}}