{"id":3859,"date":"2023-10-26T00:00:07","date_gmt":"2023-10-26T04:00:07","guid":{"rendered":"https:\/\/www.missionlte.ca\/boutique\/?post_type=product&#038;p=3859"},"modified":"2026-03-04T15:39:37","modified_gmt":"2026-03-04T20:39:37","slug":"100go-mois-canada-seulement-avec-echeance","status":"publish","type":"product","link":"https:\/\/www.missionlte.ca\/boutique\/fr\/produit\/100go-mois-canada-seulement-avec-echeance\/","title":{"rendered":"100GO\/mois &#8211; Canada&#038;\u00c9tats-Unis&#038;Mexique 1 \u00e0 12 mois &#8211; Avec \u00c9ch\u00e9ance"},"content":{"rendered":"<p>Termes disponibles : 1 \u00e0 12 mois <strong>cons\u00e9cutifs<\/strong><\/p>\n<p>Les prix sont pour la p\u00e9riode au complet, et non un prix mensuel.<\/p>\n<p>Aucun contrat ni engagement<\/p>\n<p>Forfait avec \u00e9ch\u00e9ance pour le territoire canadien \u00e9tats-unis &amp; mexique seulement<\/p>\n<p>Couverture cellulaire n\u00e9cessaire pour faire fonctionner les forfaits.<\/p>\n<p>Le forfait 12 mois est id\u00e9al pour la &#8221;VanLife&#8221;<\/p>\n<p>Les prix comprennent un frais d&#8217;activation de 15.00$ (inclus dans le prix) &#8211; non remboursable<\/p>\n<p>Un \u00e9quipement de type routeur est requis pour le bon fonctionnement du forfait<\/p>\n","protected":false},"excerpt":{"rendered":"<p>Termes disponibles : 1 \u00e0 12 mois cons\u00e9cutifs Les prix sont pour la p\u00e9riode au complet, et non un prix mensuel. Aucun contrat ni engagement Forfait avec \u00e9ch\u00e9ance pour le territoire canadien \u00e9tats-unis &amp; mexique seulement Couverture cellulaire n\u00e9cessaire pour faire fonctionner les forfaits. Le forfait 12 mois est id\u00e9al pour la &#8221;VanLife&#8221; Les prix [&#8230;]\n","protected":false},"featured_media":5628,"template":"","meta":{"_monsterinsights_skip_tracking":false,"_monsterinsights_sitenote_active":false,"_monsterinsights_sitenote_note":"","_monsterinsights_sitenote_category":0},"product_brand":[],"product_cat":[26],"product_tag":[],"class_list":{"0":"post-3859","1":"product","2":"type-product","3":"status-publish","4":"has-post-thumbnail","6":"product_cat-tous-produits","8":"first","9":"instock","10":"taxable","11":"shipping-taxable","12":"purchasable","13":"product-type-variable"},"aioseo_notices":[],"lang":"fr","translations":{"fr":3859},"pll_sync_post":[],"_links":{"self":[{"href":"https:\/\/www.missionlte.ca\/boutique\/wp-json\/wp\/v2\/product\/3859","targetHints":{"allow":["GET"]}}],"collection":[{"href":"https:\/\/www.missionlte.ca\/boutique\/wp-json\/wp\/v2\/product"}],"about":[{"href":"https:\/\/www.missionlte.ca\/boutique\/wp-json\/wp\/v2\/types\/product"}],"wp:featuredmedia":[{"embeddable":true,"href":"https:\/\/www.missionlte.ca\/boutique\/wp-json\/wp\/v2\/media\/5628"}],"wp:attachment":[{"href":"https:\/\/www.missionlte.ca\/boutique\/wp-json\/wp\/v2\/media?parent=3859"}],"wp:term":[{"taxonomy":"product_brand","embeddable":true,"href":"https:\/\/www.missionlte.ca\/boutique\/wp-json\/wp\/v2\/product_brand?post=3859"},{"taxonomy":"product_cat","embeddable":true,"href":"https:\/\/www.missionlte.ca\/boutique\/wp-json\/wp\/v2\/product_cat?post=3859"},{"taxonomy":"product_tag","embeddable":true,"href":"https:\/\/www.missionlte.ca\/boutique\/wp-json\/wp\/v2\/product_tag?post=3859"}],"curies":[{"name":"wp","href":"https:\/\/api.w.org\/{rel}","templated":true}]}}