{"id":4965,"date":"2025-03-04T11:14:45","date_gmt":"2025-03-04T16:14:45","guid":{"rendered":"https:\/\/www.missionlte.ca\/boutique\/?post_type=product&#038;p=4965"},"modified":"2025-04-03T09:24:42","modified_gmt":"2025-04-03T13:24:42","slug":"forfait-prepaye-25-go-canada-usa","status":"publish","type":"product","link":"https:\/\/www.missionlte.ca\/boutique\/fr\/produit\/forfait-prepaye-25-go-canada-usa\/","title":{"rendered":"Forfait\/Recharge pr\u00e9pay\u00e9 25 GO Canada\/USA"},"content":{"rendered":"<p>Forfait pour recharge de donn\u00e9es 25GO pour le Canada et les \u00c9tats-Unis. Consommation \u00e0 l&#8217;utilisation.<\/p>\n<p>Les donn\u00e9es s&#8217;ajoutent \u00e0 celles qui vous restent.<\/p>\n<p>Ex: Il vous reste 5GO et vous achetez un 25GO, vous aurez 30GO.<\/p>\n<p>&nbsp;<\/p>\n<p>Ce qu&#8217;on peut faire avec un 25 GO ?<\/p>\n<p><b>\ud83d\udcf1 Navigation et r\u00e9seaux sociaux<\/b><\/p>\n<p><b>250 heures<\/b> de navigation web classique<\/p>\n<p><b>50 \u00e0 75 heures<\/b> sur les r\u00e9seaux sociaux (Instagram, Facebook, TikTok&#8230;)<\/p>\n<p><b>\ud83d\udcfa Streaming vid\u00e9o<\/b><\/p>\n<p><b>25 \u00e0 35 heures<\/b> de vid\u00e9os YouTube en 720p<\/p>\n<p><b>12 \u00e0 17 heures<\/b> en 1080p<\/p>\n<p><b>5 \u00e0 7 heures<\/b> en 4K (\u00e0 \u00e9viter pour \u00e9conomiser tes donn\u00e9es)<\/p>\n<p><b>\ud83d\udcde Appels vid\u00e9o<\/b><\/p>\n<p><b>50 \u00e0 70 heures<\/b> sur WhatsApp, Zoom ou Messenger en qualit\u00e9 standard<\/p>\n<p><b>\ud83d\udce9 Messagerie et emails<\/b><\/p>\n<ul>\n<li><b>Des milliers d&#8217;emails<\/b> envoy\u00e9s\/re\u00e7us sans pi\u00e8ces jointes lourdes<\/li>\n<\/ul>\n<p><b>\ud83d\udd04 T\u00e9l\u00e9chargements<\/b><\/p>\n<p><b>25 000 photos<\/b> (1 Mo chacune)<\/p>\n<p><b>10 films<\/b> en qualit\u00e9 SD<\/p>\n<p><b>5 films<\/b> en HD<\/p>\n","protected":false},"excerpt":{"rendered":"<p>Forfait pour recharge de donn\u00e9es 25GO pour le Canada et les \u00c9tats-Unis. Consommation \u00e0 l&#8217;utilisation. Les donn\u00e9es s&#8217;ajoutent \u00e0 celles qui vous restent. Ex: Il vous reste 5GO et vous achetez un 25GO, vous aurez 30GO. &nbsp; Ce qu&#8217;on peut faire avec un 25 GO ? \ud83d\udcf1 Navigation et r\u00e9seaux sociaux 250 heures de navigation [&#8230;]\n","protected":false},"featured_media":4969,"template":"","meta":{"_monsterinsights_skip_tracking":false,"_monsterinsights_sitenote_active":false,"_monsterinsights_sitenote_note":"","_monsterinsights_sitenote_category":0},"product_brand":[],"product_cat":[27,26],"product_tag":[],"class_list":{"0":"post-4965","1":"product","2":"type-product","3":"status-publish","4":"has-post-thumbnail","6":"product_cat-recharge","7":"product_cat-tous-produits","9":"first","10":"instock","11":"virtual","12":"taxable","13":"purchasable","14":"product-type-simple"},"aioseo_notices":[],"lang":"fr","translations":{"fr":4965,"en":4985},"pll_sync_post":[],"_links":{"self":[{"href":"https:\/\/www.missionlte.ca\/boutique\/wp-json\/wp\/v2\/product\/4965","targetHints":{"allow":["GET"]}}],"collection":[{"href":"https:\/\/www.missionlte.ca\/boutique\/wp-json\/wp\/v2\/product"}],"about":[{"href":"https:\/\/www.missionlte.ca\/boutique\/wp-json\/wp\/v2\/types\/product"}],"wp:featuredmedia":[{"embeddable":true,"href":"https:\/\/www.missionlte.ca\/boutique\/wp-json\/wp\/v2\/media\/4969"}],"wp:attachment":[{"href":"https:\/\/www.missionlte.ca\/boutique\/wp-json\/wp\/v2\/media?parent=4965"}],"wp:term":[{"taxonomy":"product_brand","embeddable":true,"href":"https:\/\/www.missionlte.ca\/boutique\/wp-json\/wp\/v2\/product_brand?post=4965"},{"taxonomy":"product_cat","embeddable":true,"href":"https:\/\/www.missionlte.ca\/boutique\/wp-json\/wp\/v2\/product_cat?post=4965"},{"taxonomy":"product_tag","embeddable":true,"href":"https:\/\/www.missionlte.ca\/boutique\/wp-json\/wp\/v2\/product_tag?post=4965"}],"curies":[{"name":"wp","href":"https:\/\/api.w.org\/{rel}","templated":true}]}}