{"id":4973,"date":"2025-03-04T11:14:45","date_gmt":"2025-03-04T16:14:45","guid":{"rendered":"https:\/\/www.missionlte.ca\/boutique\/?post_type=product&#038;p=4973"},"modified":"2025-07-27T07:20:55","modified_gmt":"2025-07-27T11:20:55","slug":"forfait-prepaye-100-go-canada-usa","status":"publish","type":"product","link":"https:\/\/www.missionlte.ca\/boutique\/fr\/produit\/forfait-prepaye-100-go-canada-usa\/","title":{"rendered":"Forfait\/Recharge pr\u00e9pay\u00e9 100 GO Canada\/USA"},"content":{"rendered":"<p>Forfait pour recharge de donn\u00e9es 100GO pour le Canada et les \u00c9tats-Unis. Consommation \u00e0 l&#8217;utilisation.<\/p>\n<p>Les donn\u00e9es s&#8217;ajoutent \u00e0 celles qui vous restent.<\/p>\n<p>Ex: Il vous reste 5GO et vous achetez un 100GO, vous aurez 105GO.<\/p>\n<p>&nbsp;<\/p>\n<p>Ce qu&#8217;on peut faire avec un 100 GO ?<\/p>\n<p><b>\ud83d\udcf1 Navigation et r\u00e9seaux sociaux<\/b><\/p>\n<p><b>1000 heures<\/b> de navigation web classique<\/p>\n<p><b>200 \u00e0 300 heures<\/b> sur les r\u00e9seaux sociaux (Instagram, Facebook, TikTok&#8230;)<\/p>\n<p><b>\ud83d\udcfa Streaming vid\u00e9o<\/b><\/p>\n<p><b>100 \u00e0 130 heures<\/b> de vid\u00e9os YouTube en 720p<\/p>\n<p><b>50 \u00e0 70 heures<\/b> en 1080p<\/p>\n<p><b>20 \u00e0 30 heures<\/b> en 4K (\u00e0 \u00e9viter pour \u00e9conomiser tes donn\u00e9es)<\/p>\n<p><b>\ud83d\udcde Appels vid\u00e9o<\/b><\/p>\n<p><b>200 \u00e0 300 heures<\/b> sur WhatsApp, Zoom ou Messenger en qualit\u00e9 standard<\/p>\n<p><b>\ud83d\udce9 Messagerie et emails<\/b><\/p>\n<p><b>Des dizaines de milliers d&#8217;emails<\/b> envoy\u00e9s\/re\u00e7us sans pi\u00e8ces jointes lourdes<\/p>\n<p><b>\ud83d\udd04 T\u00e9l\u00e9chargements<\/b><\/p>\n<p><b>100 000 photos<\/b> (1 Mo chacune)<\/p>\n<p><b>40 films<\/b> en qualit\u00e9 SD<\/p>\n<p><b>20 films<\/b> en HD<\/p>\n","protected":false},"excerpt":{"rendered":"<p>Forfait pour recharge de donn\u00e9es 100GO pour le Canada et les \u00c9tats-Unis. Consommation \u00e0 l&#8217;utilisation. Les donn\u00e9es s&#8217;ajoutent \u00e0 celles qui vous restent. Ex: Il vous reste 5GO et vous achetez un 100GO, vous aurez 105GO. &nbsp; Ce qu&#8217;on peut faire avec un 100 GO ? \ud83d\udcf1 Navigation et r\u00e9seaux sociaux 1000 heures de navigation [&#8230;]\n","protected":false},"featured_media":4966,"template":"","meta":{"_monsterinsights_skip_tracking":false,"_monsterinsights_sitenote_active":false,"_monsterinsights_sitenote_note":"","_monsterinsights_sitenote_category":0},"product_brand":[],"product_cat":[27,26],"product_tag":[],"class_list":{"0":"post-4973","1":"product","2":"type-product","3":"status-publish","4":"has-post-thumbnail","6":"product_cat-recharge","7":"product_cat-tous-produits","9":"first","10":"instock","11":"featured","12":"virtual","13":"taxable","14":"purchasable","15":"product-type-simple"},"aioseo_notices":[],"lang":"fr","translations":{"fr":4973,"en":4981},"pll_sync_post":[],"_links":{"self":[{"href":"https:\/\/www.missionlte.ca\/boutique\/wp-json\/wp\/v2\/product\/4973","targetHints":{"allow":["GET"]}}],"collection":[{"href":"https:\/\/www.missionlte.ca\/boutique\/wp-json\/wp\/v2\/product"}],"about":[{"href":"https:\/\/www.missionlte.ca\/boutique\/wp-json\/wp\/v2\/types\/product"}],"wp:featuredmedia":[{"embeddable":true,"href":"https:\/\/www.missionlte.ca\/boutique\/wp-json\/wp\/v2\/media\/4966"}],"wp:attachment":[{"href":"https:\/\/www.missionlte.ca\/boutique\/wp-json\/wp\/v2\/media?parent=4973"}],"wp:term":[{"taxonomy":"product_brand","embeddable":true,"href":"https:\/\/www.missionlte.ca\/boutique\/wp-json\/wp\/v2\/product_brand?post=4973"},{"taxonomy":"product_cat","embeddable":true,"href":"https:\/\/www.missionlte.ca\/boutique\/wp-json\/wp\/v2\/product_cat?post=4973"},{"taxonomy":"product_tag","embeddable":true,"href":"https:\/\/www.missionlte.ca\/boutique\/wp-json\/wp\/v2\/product_tag?post=4973"}],"curies":[{"name":"wp","href":"https:\/\/api.w.org\/{rel}","templated":true}]}}