{"id":4976,"date":"2025-03-04T11:14:42","date_gmt":"2025-03-04T16:14:42","guid":{"rendered":"https:\/\/www.missionlte.ca\/boutique\/?post_type=product&#038;p=4976"},"modified":"2025-04-28T10:26:06","modified_gmt":"2025-04-28T14:26:06","slug":"routeur-inhand-cr202-lite","status":"publish","type":"product","link":"https:\/\/www.missionlte.ca\/boutique\/fr\/produit\/routeur-inhand-cr202-lite\/","title":{"rendered":"Routeur InHand CR202 Lite"},"content":{"rendered":"<p>Le InHand CR202-Lite est un routeur polyvalent et portable fonctionnant sur 4G\/LTE avec des modes d\u2019acc\u00e8s au r\u00e9seau filaire\/cellulaire (Wi-Fi) pour vos besoins.<\/p>\n<p>\u00c0 propos du CR202-Lite :<\/p>\n<p>Acc\u00e8s cellulaire 4G \u2013 LTE CAT6 \u2013 Connectivit\u00e9 r\u00e9seau constante<br \/>\nR\u00e9seau cellulaire haute vitesse de 300Mbps<br \/>\nSupporte jusqu\u2019\u00e0 30 appareils connect\u00e9s<br \/>\n\u00c9quip\u00e9 d\u2019une batterie retirable de 3000 mAh<br \/>\nCorps compact, facile \u00e0 d\u00e9ployer \u2013 Parfait pour des installations telles que les locations \u00e0 court terme, les expositions ou les voyages en camping-car<br \/>\nPossibilit\u00e9 d&#8217;un montage sur support<\/p>\n","protected":false},"excerpt":{"rendered":"<p>Le InHand CR202-Lite est un routeur polyvalent et portable fonctionnant sur 4G\/LTE avec des modes d\u2019acc\u00e8s au r\u00e9seau filaire\/cellulaire (Wi-Fi) pour vos besoins. \u00c0 propos du CR202-Lite : Acc\u00e8s cellulaire 4G \u2013 LTE CAT6 \u2013 Connectivit\u00e9 r\u00e9seau constante R\u00e9seau cellulaire haute vitesse de 300Mbps Supporte jusqu\u2019\u00e0 30 appareils connect\u00e9s \u00c9quip\u00e9 d\u2019une batterie retirable de 3000 [&#8230;]\n","protected":false},"featured_media":4977,"template":"","meta":{"_monsterinsights_skip_tracking":false,"_monsterinsights_sitenote_active":false,"_monsterinsights_sitenote_note":"","_monsterinsights_sitenote_category":0},"product_brand":[],"product_cat":[26],"product_tag":[],"class_list":{"0":"post-4976","1":"product","2":"type-product","3":"status-publish","4":"has-post-thumbnail","6":"product_cat-tous-produits","8":"first","9":"instock","10":"taxable","11":"shipping-taxable","12":"purchasable","13":"product-type-simple"},"aioseo_notices":[],"lang":"fr","translations":{"fr":4976,"en":4990},"pll_sync_post":[],"_links":{"self":[{"href":"https:\/\/www.missionlte.ca\/boutique\/wp-json\/wp\/v2\/product\/4976","targetHints":{"allow":["GET"]}}],"collection":[{"href":"https:\/\/www.missionlte.ca\/boutique\/wp-json\/wp\/v2\/product"}],"about":[{"href":"https:\/\/www.missionlte.ca\/boutique\/wp-json\/wp\/v2\/types\/product"}],"wp:featuredmedia":[{"embeddable":true,"href":"https:\/\/www.missionlte.ca\/boutique\/wp-json\/wp\/v2\/media\/4977"}],"wp:attachment":[{"href":"https:\/\/www.missionlte.ca\/boutique\/wp-json\/wp\/v2\/media?parent=4976"}],"wp:term":[{"taxonomy":"product_brand","embeddable":true,"href":"https:\/\/www.missionlte.ca\/boutique\/wp-json\/wp\/v2\/product_brand?post=4976"},{"taxonomy":"product_cat","embeddable":true,"href":"https:\/\/www.missionlte.ca\/boutique\/wp-json\/wp\/v2\/product_cat?post=4976"},{"taxonomy":"product_tag","embeddable":true,"href":"https:\/\/www.missionlte.ca\/boutique\/wp-json\/wp\/v2\/product_tag?post=4976"}],"curies":[{"name":"wp","href":"https:\/\/api.w.org\/{rel}","templated":true}]}}