{"id":5487,"date":"2025-08-14T14:51:59","date_gmt":"2025-08-14T18:51:59","guid":{"rendered":"https:\/\/www.missionlte.ca\/boutique\/?post_type=product&#038;p=5487"},"modified":"2025-08-14T14:51:59","modified_gmt":"2025-08-14T18:51:59","slug":"camera-intelligente-solaire-sans-fil-wifi-avec-visionnement-inclus","status":"publish","type":"product","link":"https:\/\/www.missionlte.ca\/boutique\/fr\/produit\/camera-intelligente-solaire-sans-fil-wifi-avec-visionnement-inclus\/","title":{"rendered":"Cam\u00e9ra intelligente solaire sans fil WIFI (Avec visionnement inclus)"},"content":{"rendered":"<p>NOUVEAUT\u00c9<\/p>\n<p>Cam\u00e9ra intelligente avec panneau solaire WIFI incluant les fonctionnalit\u00e9s :<br \/>\n5MP 2K+ Super HD<br \/>\nPanoramique &#038; Inclinaison &#038; Vision Nocturne En Couleur<br \/>\nAlimentation par Batterie\/Solaire<br \/>\nWi-Fi bibande 5\/2,4 GHz (La bande de 2,4 GHz garantit des connexions solides sur de longues distances, tandis que la bande de 5 GHz offre une largeur de bande et une vitesse \u00e9lev\u00e9es. Choisissez celle qui r\u00e9pond le mieux \u00e0 vos besoins.)<br \/>\n100% Sans fil et Autonome<\/p>\n<p>Offrant une commodit\u00e9 in\u00e9gal\u00e9e et une s\u00e9curit\u00e9 portable, elle vous garantit la tranquillit\u00e9 d&#8217;esprit dans n&#8217;importe quel endroit, \u00e0 n&#8217;importe quel moment. Vue \u00e0 360\u00b0 en clart\u00e9 4K. En plus d&#8217;une vision nocturne claire en noir et blanc, elle offre \u00e9galement une vision nocturne en couleurs anim\u00e9es par des projecteurs, m\u00eame dans l&#8217;obscurit\u00e9 totale. Ne manquez aucun d\u00e9tail difficile \u00e0 voir la nuit. <\/p>\n<p>D\u00e9tection intelligente, double avertissement : En distinguant les personnes, les v\u00e9hicules et les animaux, cette cam\u00e9ra vous informe des \u00e9v\u00e9nements importants en temps r\u00e9el et r\u00e9duit consid\u00e9rablement les fausses alarmes. Simultan\u00e9ment, les projecteurs de mouvement et la sir\u00e8ne s&#8217;activent \u00e0 titre de dissuasion suppl\u00e9mentaire, ou vous pouvez choisir de les contr\u00f4ler manuellement via l&#8217;application\/client.<\/p>\n<p>Le panneau solaire fournit une alimentation continue et ininterrompue pour vos besoins de s\u00e9curit\u00e9. En ajustant l&#8217;angle du panneau selon les besoins, vous pouvez optimiser l&#8217;absorption de la lumi\u00e8re du soleil tout au long de la journ\u00e9e.<\/p>\n<p>Compatible avec assistant-Google &#038; Alexa.<\/p>\n<p>Le produit comprend :<br \/>\n&#8211; 1 cam\u00e9ra avec panneau solaire<br \/>\n&#8211; Carte SD pour enregistrement local<\/p>\n<p>Un abonnement annuel \u00e0 l&#8217;application\/client Reolink est n\u00e9c\u00e9ssaire.<\/p>\n","protected":false},"excerpt":{"rendered":"<p>NOUVEAUT\u00c9 Cam\u00e9ra intelligente avec panneau solaire WIFI incluant les fonctionnalit\u00e9s : 5MP 2K+ Super HD Panoramique &#038; Inclinaison &#038; Vision Nocturne En Couleur Alimentation par Batterie\/Solaire Wi-Fi bibande 5\/2,4 GHz (La bande de 2,4 GHz garantit des connexions solides sur de longues distances, tandis que la bande de 5 GHz offre une largeur de bande [&#8230;]\n","protected":false},"featured_media":5491,"template":"","meta":{"_monsterinsights_skip_tracking":false,"_monsterinsights_sitenote_active":false,"_monsterinsights_sitenote_note":"","_monsterinsights_sitenote_category":0},"product_brand":[],"product_cat":[26],"product_tag":[],"class_list":{"0":"post-5487","1":"product","2":"type-product","3":"status-publish","4":"has-post-thumbnail","6":"product_cat-tous-produits","8":"first","9":"instock","10":"taxable","11":"shipping-taxable","12":"purchasable","13":"product-type-simple"},"aioseo_notices":[],"lang":"fr","translations":{"fr":5487},"pll_sync_post":[],"_links":{"self":[{"href":"https:\/\/www.missionlte.ca\/boutique\/wp-json\/wp\/v2\/product\/5487","targetHints":{"allow":["GET"]}}],"collection":[{"href":"https:\/\/www.missionlte.ca\/boutique\/wp-json\/wp\/v2\/product"}],"about":[{"href":"https:\/\/www.missionlte.ca\/boutique\/wp-json\/wp\/v2\/types\/product"}],"wp:featuredmedia":[{"embeddable":true,"href":"https:\/\/www.missionlte.ca\/boutique\/wp-json\/wp\/v2\/media\/5491"}],"wp:attachment":[{"href":"https:\/\/www.missionlte.ca\/boutique\/wp-json\/wp\/v2\/media?parent=5487"}],"wp:term":[{"taxonomy":"product_brand","embeddable":true,"href":"https:\/\/www.missionlte.ca\/boutique\/wp-json\/wp\/v2\/product_brand?post=5487"},{"taxonomy":"product_cat","embeddable":true,"href":"https:\/\/www.missionlte.ca\/boutique\/wp-json\/wp\/v2\/product_cat?post=5487"},{"taxonomy":"product_tag","embeddable":true,"href":"https:\/\/www.missionlte.ca\/boutique\/wp-json\/wp\/v2\/product_tag?post=5487"}],"curies":[{"name":"wp","href":"https:\/\/api.w.org\/{rel}","templated":true}]}}