{"id":5489,"date":"2025-08-14T11:06:47","date_gmt":"2025-08-14T15:06:47","guid":{"rendered":"https:\/\/www.missionlte.ca\/boutique\/?post_type=product&#038;p=5489"},"modified":"2025-10-29T14:43:51","modified_gmt":"2025-10-29T18:43:51","slug":"camera-intelligente-sans-fil-4g-lte-pour-client-existant","status":"publish","type":"product","link":"https:\/\/www.missionlte.ca\/boutique\/fr\/produit\/camera-intelligente-sans-fil-4g-lte-pour-client-existant\/","title":{"rendered":"Cam\u00e9ra intelligente sans fil 4G LTE (Pour client existant)"},"content":{"rendered":"<p>NOUVEAUT\u00c9<\/p>\n<p>D\u00e9couvrez le m\u00e9lange de connectivit\u00e9 3G\/4G LTE, de 4K et d&#8217;inclinaison panoramique avec cette cam\u00e9ra \u00e0 batterie aliment\u00e9e par l&#8217;\u00e9nergie solaire. Offrant une commodit\u00e9 in\u00e9gal\u00e9e et une s\u00e9curit\u00e9 portable, elle vous garantit la tranquillit\u00e9 d&#8217;esprit dans n&#8217;importe quel endroit, \u00e0 n&#8217;importe quel moment. Vue \u00e0 360\u00b0 en clart\u00e9 4K. En plus d&#8217;une vision nocturne claire en noir et blanc, elle offre \u00e9galement une vision nocturne en couleurs anim\u00e9es par des projecteurs, m\u00eame dans l&#8217;obscurit\u00e9 totale. Ne manquez aucun d\u00e9tail difficile \u00e0 voir la nuit. <\/p>\n<p>D\u00e9tection intelligente, double avertissement : En distinguant les personnes, les v\u00e9hicules et les animaux, cette cam\u00e9ra vous informe des \u00e9v\u00e9nements importants en temps r\u00e9el et r\u00e9duit consid\u00e9rablement les fausses alarmes. Simultan\u00e9ment, les projecteurs de mouvement et la sir\u00e8ne s&#8217;activent \u00e0 titre de dissuasion suppl\u00e9mentaire, ou vous pouvez choisir de les contr\u00f4ler manuellement via l&#8217;application\/client.+<\/p>\n<p>Le panneau solaire fournit une alimentation continue et ininterrompue pour vos besoins de s\u00e9curit\u00e9. En ajustant l&#8217;angle du panneau selon les besoins, vous pouvez optimiser l&#8217;absorption de la lumi\u00e8re du soleil tout au long de la journ\u00e9e.<\/p>\n<p>Compatible avec assistant-Google &#038; Alexa.<\/p>\n<p>Le produit comprend :<br \/>\n&#8211; 1 cam\u00e9ra avec panneau solaire<br \/>\n&#8211; Carte SD pour enregistrement local<br \/>\n&#8211; Utiliser votre propre carte pr\u00e9pay\u00e9 Mission LTE pour votre visionnement en p\u00e9riode hors camping\/voyage ou autre<\/p>\n<p>Un abonnement annuel \u00e0 l&#8217;application\/client Reolink est n\u00e9c\u00e9ssaire.<\/p>\n","protected":false},"excerpt":{"rendered":"<p>NOUVEAUT\u00c9 D\u00e9couvrez le m\u00e9lange de connectivit\u00e9 3G\/4G LTE, de 4K et d&#8217;inclinaison panoramique avec cette cam\u00e9ra \u00e0 batterie aliment\u00e9e par l&#8217;\u00e9nergie solaire. Offrant une commodit\u00e9 in\u00e9gal\u00e9e et une s\u00e9curit\u00e9 portable, elle vous garantit la tranquillit\u00e9 d&#8217;esprit dans n&#8217;importe quel endroit, \u00e0 n&#8217;importe quel moment. Vue \u00e0 360\u00b0 en clart\u00e9 4K. En plus d&#8217;une vision nocturne [&#8230;]\n","protected":false},"featured_media":5472,"template":"","meta":{"_monsterinsights_skip_tracking":false,"_monsterinsights_sitenote_active":false,"_monsterinsights_sitenote_note":"","_monsterinsights_sitenote_category":0},"product_brand":[],"product_cat":[26],"product_tag":[],"class_list":{"0":"post-5489","1":"product","2":"type-product","3":"status-publish","4":"has-post-thumbnail","6":"product_cat-tous-produits","8":"first","9":"instock","10":"sale","11":"taxable","12":"shipping-taxable","13":"purchasable","14":"product-type-simple"},"aioseo_notices":[],"lang":"fr","translations":{"fr":5489},"pll_sync_post":[],"_links":{"self":[{"href":"https:\/\/www.missionlte.ca\/boutique\/wp-json\/wp\/v2\/product\/5489","targetHints":{"allow":["GET"]}}],"collection":[{"href":"https:\/\/www.missionlte.ca\/boutique\/wp-json\/wp\/v2\/product"}],"about":[{"href":"https:\/\/www.missionlte.ca\/boutique\/wp-json\/wp\/v2\/types\/product"}],"wp:featuredmedia":[{"embeddable":true,"href":"https:\/\/www.missionlte.ca\/boutique\/wp-json\/wp\/v2\/media\/5472"}],"wp:attachment":[{"href":"https:\/\/www.missionlte.ca\/boutique\/wp-json\/wp\/v2\/media?parent=5489"}],"wp:term":[{"taxonomy":"product_brand","embeddable":true,"href":"https:\/\/www.missionlte.ca\/boutique\/wp-json\/wp\/v2\/product_brand?post=5489"},{"taxonomy":"product_cat","embeddable":true,"href":"https:\/\/www.missionlte.ca\/boutique\/wp-json\/wp\/v2\/product_cat?post=5489"},{"taxonomy":"product_tag","embeddable":true,"href":"https:\/\/www.missionlte.ca\/boutique\/wp-json\/wp\/v2\/product_tag?post=5489"}],"curies":[{"name":"wp","href":"https:\/\/api.w.org\/{rel}","templated":true}]}}