{"id":5615,"date":"2026-02-23T14:23:39","date_gmt":"2026-02-23T19:23:39","guid":{"rendered":"https:\/\/www.missionlte.ca\/boutique\/?post_type=product&#038;p=5615"},"modified":"2026-02-23T14:23:39","modified_gmt":"2026-02-23T19:23:39","slug":"routeur-inhand-fwa02-5g","status":"publish","type":"product","link":"https:\/\/www.missionlte.ca\/boutique\/fr\/produit\/routeur-inhand-fwa02-5g\/","title":{"rendered":"Routeur Inhand FWA02 5G"},"content":{"rendered":"<p>Le FWA02 offre une connectivit\u00e9 5G, garantissant un acc\u00e8s internet pratique, fiable et s\u00e9curis\u00e9 o\u00f9 que vous soyez\u00a0: en ville, en banlieue, en zone rurale ou isol\u00e9e. Contrairement aux connexions par c\u00e2ble et fibre optique classiques, le FWA02 offre une exp\u00e9rience r\u00e9seau plus rapide, avec une latence r\u00e9duite et des performances sup\u00e9rieures, vous offrant ainsi un avantage certain. En simplifiant l&#8217;acc\u00e8s internet gr\u00e2ce \u00e0 un r\u00e9seau plug-and-play, le FWA02 vous permet de vous concentrer sur votre activit\u00e9 et vos op\u00e9rations en ligne. Sa connectivit\u00e9 sans fil 5G fluide dynamise votre exp\u00e9rience r\u00e9seau.<\/p>\n","protected":false},"excerpt":{"rendered":"<p>Le FWA02 offre une connectivit\u00e9 5G, garantissant un acc\u00e8s internet pratique, fiable et s\u00e9curis\u00e9 o\u00f9 que vous soyez\u00a0: en ville, en banlieue, en zone rurale ou isol\u00e9e. Contrairement aux connexions par c\u00e2ble et fibre optique classiques, le FWA02 offre une exp\u00e9rience r\u00e9seau plus rapide, avec une latence r\u00e9duite et des performances sup\u00e9rieures, vous offrant ainsi [&#8230;]\n","protected":false},"featured_media":5616,"template":"","meta":{"_monsterinsights_skip_tracking":false,"_monsterinsights_sitenote_active":false,"_monsterinsights_sitenote_note":"","_monsterinsights_sitenote_category":0},"product_brand":[],"product_cat":[26],"product_tag":[],"class_list":{"0":"post-5615","1":"product","2":"type-product","3":"status-publish","4":"has-post-thumbnail","6":"product_cat-tous-produits","8":"first","9":"instock","10":"taxable","11":"shipping-taxable","12":"purchasable","13":"product-type-simple"},"aioseo_notices":[],"lang":"fr","translations":{"fr":5615},"pll_sync_post":[],"_links":{"self":[{"href":"https:\/\/www.missionlte.ca\/boutique\/wp-json\/wp\/v2\/product\/5615","targetHints":{"allow":["GET"]}}],"collection":[{"href":"https:\/\/www.missionlte.ca\/boutique\/wp-json\/wp\/v2\/product"}],"about":[{"href":"https:\/\/www.missionlte.ca\/boutique\/wp-json\/wp\/v2\/types\/product"}],"wp:featuredmedia":[{"embeddable":true,"href":"https:\/\/www.missionlte.ca\/boutique\/wp-json\/wp\/v2\/media\/5616"}],"wp:attachment":[{"href":"https:\/\/www.missionlte.ca\/boutique\/wp-json\/wp\/v2\/media?parent=5615"}],"wp:term":[{"taxonomy":"product_brand","embeddable":true,"href":"https:\/\/www.missionlte.ca\/boutique\/wp-json\/wp\/v2\/product_brand?post=5615"},{"taxonomy":"product_cat","embeddable":true,"href":"https:\/\/www.missionlte.ca\/boutique\/wp-json\/wp\/v2\/product_cat?post=5615"},{"taxonomy":"product_tag","embeddable":true,"href":"https:\/\/www.missionlte.ca\/boutique\/wp-json\/wp\/v2\/product_tag?post=5615"}],"curies":[{"name":"wp","href":"https:\/\/api.w.org\/{rel}","templated":true}]}}